{"id":1431,"date":"2020-05-29T21:59:42","date_gmt":"2020-05-29T19:59:42","guid":{"rendered":"http:\/\/37107.web.zcom.it\/?page_id=1431"},"modified":"2023-08-14T14:08:31","modified_gmt":"2023-08-14T12:08:31","slug":"impressum","status":"publish","type":"page","link":"https:\/\/www.steinwandterhof.it\/it\/impressum\/","title":{"rendered":"Impressum"},"content":{"rendered":"\t\t<div data-elementor-type=\"wp-post\" data-elementor-id=\"1431\" class=\"elementor elementor-1431 elementor-1333\">\n\t\t\t\t\t\t<section class=\"elementor-section elementor-top-section elementor-element elementor-element-dd71f5d elementor-section-boxed elementor-section-height-default elementor-section-height-default\" data-id=\"dd71f5d\" data-element_type=\"section\" data-settings=\"{&quot;jet_parallax_layout_list&quot;:[{&quot;jet_parallax_layout_image&quot;:{&quot;url&quot;:&quot;&quot;,&quot;id&quot;:&quot;&quot;,&quot;size&quot;:&quot;&quot;},&quot;_id&quot;:&quot;5d235ad&quot;,&quot;jet_parallax_layout_speed&quot;:{&quot;unit&quot;:&quot;%&quot;,&quot;size&quot;:50,&quot;sizes&quot;:[]},&quot;jet_parallax_layout_image_tablet&quot;:{&quot;url&quot;:&quot;&quot;,&quot;id&quot;:&quot;&quot;,&quot;size&quot;:&quot;&quot;},&quot;jet_parallax_layout_image_mobile&quot;:{&quot;url&quot;:&quot;&quot;,&quot;id&quot;:&quot;&quot;,&quot;size&quot;:&quot;&quot;},&quot;jet_parallax_layout_type&quot;:&quot;scroll&quot;,&quot;jet_parallax_layout_direction&quot;:&quot;1&quot;,&quot;jet_parallax_layout_fx_direction&quot;:null,&quot;jet_parallax_layout_z_index&quot;:&quot;&quot;,&quot;jet_parallax_layout_bg_x&quot;:50,&quot;jet_parallax_layout_bg_x_tablet&quot;:&quot;&quot;,&quot;jet_parallax_layout_bg_x_mobile&quot;:&quot;&quot;,&quot;jet_parallax_layout_bg_y&quot;:50,&quot;jet_parallax_layout_bg_y_tablet&quot;:&quot;&quot;,&quot;jet_parallax_layout_bg_y_mobile&quot;:&quot;&quot;,&quot;jet_parallax_layout_bg_size&quot;:&quot;auto&quot;,&quot;jet_parallax_layout_bg_size_tablet&quot;:&quot;&quot;,&quot;jet_parallax_layout_bg_size_mobile&quot;:&quot;&quot;,&quot;jet_parallax_layout_animation_prop&quot;:&quot;transform&quot;,&quot;jet_parallax_layout_on&quot;:[&quot;desktop&quot;,&quot;tablet&quot;]}],&quot;background_background&quot;:&quot;classic&quot;}\">\n\t\t\t\t\t\t<div class=\"elementor-container elementor-column-gap-default\">\n\t\t\t\t\t<div class=\"elementor-column elementor-col-100 elementor-top-column elementor-element elementor-element-eefcf61\" data-id=\"eefcf61\" data-element_type=\"column\">\n\t\t\t<div class=\"elementor-widget-wrap elementor-element-populated\">\n\t\t\t\t\t\t<div class=\"elementor-element elementor-element-6c10ac1a elementor-align-center elementor-widget elementor-widget-raven-heading\" data-id=\"6c10ac1a\" data-element_type=\"widget\" data-widget_type=\"raven-heading.default\">\n\t\t\t\t<div class=\"elementor-widget-container\">\n\t\t\t\t\t\t\t<div class=\"raven-widget-wrapper\"><h2 class=\"raven-heading raven-heading-h2\"><span class=\"raven-heading-title \">Impressum:<\/span><\/h2><\/div>\r\n\t\t\t\t\t\t<\/div>\n\t\t\t\t<\/div>\n\t\t\t\t\t<\/div>\n\t\t<\/div>\n\t\t\t\t\t<\/div>\n\t\t<\/section>\n\t\t\t\t<section class=\"elementor-section elementor-top-section elementor-element elementor-element-5d7e6e6 elementor-section-boxed elementor-section-height-default elementor-section-height-default\" data-id=\"5d7e6e6\" data-element_type=\"section\" data-settings=\"{&quot;jet_parallax_layout_list&quot;:[{&quot;_id&quot;:&quot;d9abd4f&quot;,&quot;jet_parallax_layout_image&quot;:{&quot;url&quot;:&quot;&quot;,&quot;id&quot;:&quot;&quot;,&quot;size&quot;:&quot;&quot;},&quot;jet_parallax_layout_image_tablet&quot;:{&quot;url&quot;:&quot;&quot;,&quot;id&quot;:&quot;&quot;,&quot;size&quot;:&quot;&quot;},&quot;jet_parallax_layout_image_mobile&quot;:{&quot;url&quot;:&quot;&quot;,&quot;id&quot;:&quot;&quot;,&quot;size&quot;:&quot;&quot;},&quot;jet_parallax_layout_speed&quot;:{&quot;unit&quot;:&quot;%&quot;,&quot;size&quot;:50,&quot;sizes&quot;:[]},&quot;jet_parallax_layout_type&quot;:&quot;scroll&quot;,&quot;jet_parallax_layout_direction&quot;:&quot;1&quot;,&quot;jet_parallax_layout_fx_direction&quot;:null,&quot;jet_parallax_layout_z_index&quot;:&quot;&quot;,&quot;jet_parallax_layout_bg_x&quot;:50,&quot;jet_parallax_layout_bg_x_tablet&quot;:&quot;&quot;,&quot;jet_parallax_layout_bg_x_mobile&quot;:&quot;&quot;,&quot;jet_parallax_layout_bg_y&quot;:50,&quot;jet_parallax_layout_bg_y_tablet&quot;:&quot;&quot;,&quot;jet_parallax_layout_bg_y_mobile&quot;:&quot;&quot;,&quot;jet_parallax_layout_bg_size&quot;:&quot;auto&quot;,&quot;jet_parallax_layout_bg_size_tablet&quot;:&quot;&quot;,&quot;jet_parallax_layout_bg_size_mobile&quot;:&quot;&quot;,&quot;jet_parallax_layout_animation_prop&quot;:&quot;transform&quot;,&quot;jet_parallax_layout_on&quot;:[&quot;desktop&quot;,&quot;tablet&quot;]}],&quot;background_background&quot;:&quot;classic&quot;}\">\n\t\t\t\t\t\t<div class=\"elementor-container elementor-column-gap-default\">\n\t\t\t\t\t<div class=\"elementor-column elementor-col-50 elementor-top-column elementor-element elementor-element-1c03e9e\" data-id=\"1c03e9e\" data-element_type=\"column\">\n\t\t\t<div class=\"elementor-widget-wrap elementor-element-populated\">\n\t\t\t\t\t\t<div class=\"elementor-element elementor-element-c6f9016 elementor-widget elementor-widget-text-editor\" data-id=\"c6f9016\" data-element_type=\"widget\" data-widget_type=\"text-editor.default\">\n\t\t\t\t<div class=\"elementor-widget-container\">\n\t\t\t\t\t\t\t\t\t<p><strong>Proprietario e responsabile per il contenuto:<br \/><\/strong>Steinwandterhof<br \/>Nathalie Santer<br \/>St. Veit 17, 39030 Braies<br \/>Alto Adige \u2013 Italia<br \/>Tel. +39 335 6117232<br \/><a href=\"mailto:info@steinwandterhof.it\">info@steinwandterhof.it<\/a><br \/><a href=\"http:\/\/www.steinwandterhof.it\">www.steinwandterhof.it<\/a><\/p><p style=\"font-weight: 400;\">P.IVA: 03204190213<br \/>Codice fiscale: SNTNHL72C68H786U<br \/>Pec: <a href=\"mailto:steinwandterhof@pec.it\">steinwandterhof@pec.it<\/a><br \/>Codice destinatario: W7YVJK9<\/p><p><strong>Materiale fotografico:<\/strong><br \/>Steinwandterhof, Drei Zinnen Marketing\/Tourismusverein Prags<\/p><p><strong>Avviso di responsabilit\u00e0:<\/strong><br \/>I marchi e le societ\u00e0 citate su questo sito sono di propriet\u00e0 del apposito titolare.<br \/>Nonostante l\u2019attento controllo dei contenuti, non assumiamo nessuna responsabilit\u00e0 per i contenuti relativi a link esterni. Sono responsabili per il contenuto delle pagine collegate esclusivamente i gestori delle pagine stesse.<\/p>\t\t\t\t\t\t\t\t<\/div>\n\t\t\t\t<\/div>\n\t\t\t\t\t<\/div>\n\t\t<\/div>\n\t\t\t\t<div class=\"elementor-column elementor-col-50 elementor-top-column elementor-element elementor-element-4cb210e\" data-id=\"4cb210e\" data-element_type=\"column\">\n\t\t\t<div class=\"elementor-widget-wrap elementor-element-populated\">\n\t\t\t\t\t\t<div class=\"elementor-element elementor-element-3ea00c9 elementor-widget elementor-widget-text-editor\" data-id=\"3ea00c9\" data-element_type=\"widget\" data-widget_type=\"text-editor.default\">\n\t\t\t\t<div class=\"elementor-widget-container\">\n\t\t\t\t\t\t\t\t\t<p><strong>Realizzazione, Concetto &amp; Design:<br>\n<\/strong>Fuchsdesign<br>\nVia Dolomiti 25a, 39034 Dobbiaco<br>\nAlto Adige \u2013 Italia<br>\nTel +39 0474 979 048<br>\n<a href=\"mailto:info@fuchsdesign.it\">info@fuchsdesign.it<\/a><br>\n<a class=\"external-link-new-window\" title=\"Opens external link in new window\" href=\"http:\/\/www.fuchsdesign.it\" target=\"_blank\" rel=\"noopener noreferrer\">www.fuchsdesign.it<\/a><\/p>\n<p><strong>Informazione obbligatoria ai sensi del Regolamento UE n. 524\/2016 del Parlamento europeo e del Consiglio<\/strong><br>\nPiattaforma per la risoluzione delle controversie online dei consumatori (ODR) della Commissione europea: <a href=\"http:\/\/ec.europa.eu\/consumers\/odr\/\" target=\"_blank\" rel=\"noopener noreferrer\">http:\/\/ec.europa.eu\/consumers\/odr\/<\/a><\/p>\t\t\t\t\t\t\t\t<\/div>\n\t\t\t\t<\/div>\n\t\t\t\t\t<\/div>\n\t\t<\/div>\n\t\t\t\t\t<\/div>\n\t\t<\/section>\n\t\t\t\t<\/div>\n\t\t","protected":false},"excerpt":{"rendered":"<p>Impressum: Proprietario e responsabile per il contenuto:SteinwandterhofNathalie SanterSt. Veit 17, 39030 BraiesAlto Adige \u2013 ItaliaTel. +39 335 6117232info@steinwandterhof.itwww.steinwandterhof.it P.IVA: 03204190213Codice fiscale: SNTNHL72C68H786UPec: steinwandterhof@pec.itCodice destinatario: W7YVJK9 Materiale fotografico:Steinwandterhof, Drei Zinnen Marketing\/Tourismusverein Prags Avviso di responsabilit\u00e0:I marchi e le societ\u00e0 citate su questo sito sono di propriet\u00e0 del apposito titolare.Nonostante l\u2019attento controllo dei contenuti, non assumiamo nessuna [&hellip;]<\/p>\n","protected":false},"author":1,"featured_media":0,"parent":0,"menu_order":0,"comment_status":"closed","ping_status":"closed","template":"full-width.php","meta":{"_acf_changed":false,"footnotes":""},"class_list":["post-1431","page","type-page","status-publish","hentry"],"acf":[],"yoast_head":"<!-- This site is optimized with the Yoast SEO plugin v25.6 - https:\/\/yoast.com\/wordpress\/plugins\/seo\/ -->\n<title>Impressum - Steinwandterhof Braies<\/title>\n<meta name=\"description\" content=\"Qui trovate tutte le informazioni importanti dell&#039;editoria.\" \/>\n<meta name=\"robots\" content=\"index, follow, max-snippet:-1, max-image-preview:large, max-video-preview:-1\" \/>\n<link rel=\"canonical\" href=\"https:\/\/www.steinwandterhof.it\/it\/impressum\/\" \/>\n<meta property=\"og:locale\" content=\"it_IT\" \/>\n<meta property=\"og:type\" content=\"article\" \/>\n<meta property=\"og:title\" content=\"Impressum - Steinwandterhof Braies\" \/>\n<meta property=\"og:description\" content=\"Qui trovate tutte le informazioni importanti dell&#039;editoria.\" \/>\n<meta property=\"og:url\" content=\"https:\/\/www.steinwandterhof.it\/it\/impressum\/\" \/>\n<meta property=\"og:site_name\" content=\"Steinwandterhof Braies\" \/>\n<meta property=\"article:publisher\" content=\"https:\/\/www.facebook.com\/steinwandterhof\" \/>\n<meta property=\"article:modified_time\" content=\"2023-08-14T12:08:31+00:00\" \/>\n<meta name=\"twitter:card\" content=\"summary_large_image\" \/>\n<meta name=\"twitter:label1\" content=\"Tempo di lettura stimato\" \/>\n\t<meta name=\"twitter:data1\" content=\"1 minuto\" \/>\n<script type=\"application\/ld+json\" class=\"yoast-schema-graph\">{\"@context\":\"https:\/\/schema.org\",\"@graph\":[{\"@type\":\"WebPage\",\"@id\":\"https:\/\/www.steinwandterhof.it\/it\/impressum\/\",\"url\":\"https:\/\/www.steinwandterhof.it\/it\/impressum\/\",\"name\":\"Impressum - Steinwandterhof Braies\",\"isPartOf\":{\"@id\":\"https:\/\/www.steinwandterhof.it\/#website\"},\"datePublished\":\"2020-05-29T19:59:42+00:00\",\"dateModified\":\"2023-08-14T12:08:31+00:00\",\"description\":\"Qui trovate tutte le informazioni importanti dell'editoria.\",\"breadcrumb\":{\"@id\":\"https:\/\/www.steinwandterhof.it\/it\/impressum\/#breadcrumb\"},\"inLanguage\":\"it-IT\",\"potentialAction\":[{\"@type\":\"ReadAction\",\"target\":[\"https:\/\/www.steinwandterhof.it\/it\/impressum\/\"]}]},{\"@type\":\"BreadcrumbList\",\"@id\":\"https:\/\/www.steinwandterhof.it\/it\/impressum\/#breadcrumb\",\"itemListElement\":[{\"@type\":\"ListItem\",\"position\":1,\"name\":\"Startseite\",\"item\":\"https:\/\/www.steinwandterhof.it\/it\/\"},{\"@type\":\"ListItem\",\"position\":2,\"name\":\"Impressum\"}]},{\"@type\":\"WebSite\",\"@id\":\"https:\/\/www.steinwandterhof.it\/#website\",\"url\":\"https:\/\/www.steinwandterhof.it\/\",\"name\":\"Steinwandterhof Prags\",\"description\":\"Vacanza Maso Cavalli\",\"publisher\":{\"@id\":\"https:\/\/www.steinwandterhof.it\/#organization\"},\"potentialAction\":[{\"@type\":\"SearchAction\",\"target\":{\"@type\":\"EntryPoint\",\"urlTemplate\":\"https:\/\/www.steinwandterhof.it\/?s={search_term_string}\"},\"query-input\":{\"@type\":\"PropertyValueSpecification\",\"valueRequired\":true,\"valueName\":\"search_term_string\"}}],\"inLanguage\":\"it-IT\"},{\"@type\":\"Organization\",\"@id\":\"https:\/\/www.steinwandterhof.it\/#organization\",\"name\":\"Steinwandterhof\",\"url\":\"https:\/\/www.steinwandterhof.it\/\",\"logo\":{\"@type\":\"ImageObject\",\"inLanguage\":\"it-IT\",\"@id\":\"https:\/\/www.steinwandterhof.it\/#\/schema\/logo\/image\/\",\"url\":\"https:\/\/www.steinwandterhof.it\/wp-content\/uploads\/steinwandterhof-prags-braies-logo.png\",\"contentUrl\":\"https:\/\/www.steinwandterhof.it\/wp-content\/uploads\/steinwandterhof-prags-braies-logo.png\",\"width\":340,\"height\":401,\"caption\":\"Steinwandterhof\"},\"image\":{\"@id\":\"https:\/\/www.steinwandterhof.it\/#\/schema\/logo\/image\/\"},\"sameAs\":[\"https:\/\/www.facebook.com\/steinwandterhof\"]}]}<\/script>\n<!-- \/ Yoast SEO plugin. -->","yoast_head_json":{"title":"Impressum - Steinwandterhof Braies","description":"Qui trovate tutte le informazioni importanti dell'editoria.","robots":{"index":"index","follow":"follow","max-snippet":"max-snippet:-1","max-image-preview":"max-image-preview:large","max-video-preview":"max-video-preview:-1"},"canonical":"https:\/\/www.steinwandterhof.it\/it\/impressum\/","og_locale":"it_IT","og_type":"article","og_title":"Impressum - Steinwandterhof Braies","og_description":"Qui trovate tutte le informazioni importanti dell'editoria.","og_url":"https:\/\/www.steinwandterhof.it\/it\/impressum\/","og_site_name":"Steinwandterhof Braies","article_publisher":"https:\/\/www.facebook.com\/steinwandterhof","article_modified_time":"2023-08-14T12:08:31+00:00","twitter_card":"summary_large_image","twitter_misc":{"Tempo di lettura stimato":"1 minuto"},"schema":{"@context":"https:\/\/schema.org","@graph":[{"@type":"WebPage","@id":"https:\/\/www.steinwandterhof.it\/it\/impressum\/","url":"https:\/\/www.steinwandterhof.it\/it\/impressum\/","name":"Impressum - Steinwandterhof Braies","isPartOf":{"@id":"https:\/\/www.steinwandterhof.it\/#website"},"datePublished":"2020-05-29T19:59:42+00:00","dateModified":"2023-08-14T12:08:31+00:00","description":"Qui trovate tutte le informazioni importanti dell'editoria.","breadcrumb":{"@id":"https:\/\/www.steinwandterhof.it\/it\/impressum\/#breadcrumb"},"inLanguage":"it-IT","potentialAction":[{"@type":"ReadAction","target":["https:\/\/www.steinwandterhof.it\/it\/impressum\/"]}]},{"@type":"BreadcrumbList","@id":"https:\/\/www.steinwandterhof.it\/it\/impressum\/#breadcrumb","itemListElement":[{"@type":"ListItem","position":1,"name":"Startseite","item":"https:\/\/www.steinwandterhof.it\/it\/"},{"@type":"ListItem","position":2,"name":"Impressum"}]},{"@type":"WebSite","@id":"https:\/\/www.steinwandterhof.it\/#website","url":"https:\/\/www.steinwandterhof.it\/","name":"Steinwandterhof Prags","description":"Vacanza Maso Cavalli","publisher":{"@id":"https:\/\/www.steinwandterhof.it\/#organization"},"potentialAction":[{"@type":"SearchAction","target":{"@type":"EntryPoint","urlTemplate":"https:\/\/www.steinwandterhof.it\/?s={search_term_string}"},"query-input":{"@type":"PropertyValueSpecification","valueRequired":true,"valueName":"search_term_string"}}],"inLanguage":"it-IT"},{"@type":"Organization","@id":"https:\/\/www.steinwandterhof.it\/#organization","name":"Steinwandterhof","url":"https:\/\/www.steinwandterhof.it\/","logo":{"@type":"ImageObject","inLanguage":"it-IT","@id":"https:\/\/www.steinwandterhof.it\/#\/schema\/logo\/image\/","url":"https:\/\/www.steinwandterhof.it\/wp-content\/uploads\/steinwandterhof-prags-braies-logo.png","contentUrl":"https:\/\/www.steinwandterhof.it\/wp-content\/uploads\/steinwandterhof-prags-braies-logo.png","width":340,"height":401,"caption":"Steinwandterhof"},"image":{"@id":"https:\/\/www.steinwandterhof.it\/#\/schema\/logo\/image\/"},"sameAs":["https:\/\/www.facebook.com\/steinwandterhof"]}]}},"_links":{"self":[{"href":"https:\/\/www.steinwandterhof.it\/it\/wp-json\/wp\/v2\/pages\/1431","targetHints":{"allow":["GET"]}}],"collection":[{"href":"https:\/\/www.steinwandterhof.it\/it\/wp-json\/wp\/v2\/pages"}],"about":[{"href":"https:\/\/www.steinwandterhof.it\/it\/wp-json\/wp\/v2\/types\/page"}],"author":[{"embeddable":true,"href":"https:\/\/www.steinwandterhof.it\/it\/wp-json\/wp\/v2\/users\/1"}],"replies":[{"embeddable":true,"href":"https:\/\/www.steinwandterhof.it\/it\/wp-json\/wp\/v2\/comments?post=1431"}],"version-history":[{"count":5,"href":"https:\/\/www.steinwandterhof.it\/it\/wp-json\/wp\/v2\/pages\/1431\/revisions"}],"predecessor-version":[{"id":1938,"href":"https:\/\/www.steinwandterhof.it\/it\/wp-json\/wp\/v2\/pages\/1431\/revisions\/1938"}],"wp:attachment":[{"href":"https:\/\/www.steinwandterhof.it\/it\/wp-json\/wp\/v2\/media?parent=1431"}],"curies":[{"name":"wp","href":"https:\/\/api.w.org\/{rel}","templated":true}]}}